{"id":37,"date":"2020-04-26T12:11:54","date_gmt":"2020-04-26T12:11:54","guid":{"rendered":"http:\/\/pitendesprekendeogen.nl\/?page_id=37"},"modified":"2026-04-22T20:18:38","modified_gmt":"2026-04-22T20:18:38","slug":"over-ons","status":"publish","type":"page","link":"http:\/\/pitendesprekendeogen.nl\/?page_id=37","title":{"rendered":"Over ons"},"content":{"rendered":"<p>&#8216;Ruben, die kan spreken met zijn ogen!&#8217; Ruben kan letterlijk met zijn spraakcomputer spreken met zijn ogen maar \u00f3\u00f3k zijn ogen spreken! \u00c9n dan ook nog sprekende ogen hebben!<\/p>\n<p>Ruben is geboren met een aangeboren hersenafwijking; Polymicrogyrie. Dit uit zich in een ernstige vorm van Cerebrale Parese. Alles wat met motoriek te maken heeft is aangedaan. Bewegen, eten, praten, alles.. Maar als je goed kijkt zie je een jongen van 14 jaar. Hij mag dan wel niet letterlijk kunnen praten en totaal afhankelijk zijn, er is enorm veel w\u00e1t hij w\u00e9l en met hulp kan! Hij is niet alleen geweldig goed in het spreken met zijn ogen, maar heeft ook een ijzeren wil om dingen te kunnen! Al vanaf zijn geboorte zit er pit in!<\/p>\n<p>Ik, zijn moeder neem jullie graag mee op zijn pad.\u00a0Een pad wat anders is of lijkt maar vaak ook weer niet.\u00a0Want Ruben doet graag hetzelfde als de rest alleen zijn er wat dingen;\u00a0soms wat veel toe gegeven; om rekening mee te houden.<\/p>\n<p>Ik ga schrijven en delen omdat het vaak zoiets ongrijpbaars is,\u00a0niet uit te leggen in een paar woorden..\u00a0Zo kunnen we meer uitleg geven aan..\u00a0letterlijk laten lezen en zien w\u00e1t Cerebrale parese inhoud..\u00a0Maar vooral ook om mooie verhalen\u00a0te delen van en over Ruben en ons gezin!<\/p>\n","protected":false},"excerpt":{"rendered":"<p>&#8216;Ruben, die kan spreken met zijn ogen!&#8217; Ruben kan letterlijk met zijn spraakcomputer spreken met zijn ogen maar \u00f3\u00f3k zijn ogen spreken! \u00c9n dan ook nog sprekende ogen hebben! Ruben is geboren met een aangeboren hersenafwijking; Polymicrogyrie. Dit uit zich in een ernstige vorm van Cerebrale Parese. Alles wat met motoriek te maken heeft is &hellip; <\/p>\n<p class=\"link-more\"><a href=\"http:\/\/pitendesprekendeogen.nl\/?page_id=37\" class=\"more-link\">Lees verder <span class=\"screen-reader-text\">&#8220;Over ons&#8221;<\/span><\/a><\/p>\n","protected":false},"author":1,"featured_media":0,"parent":0,"menu_order":0,"comment_status":"closed","ping_status":"closed","template":"","meta":{"footnotes":""},"class_list":["post-37","page","type-page","status-publish","hentry"],"_links":{"self":[{"href":"http:\/\/pitendesprekendeogen.nl\/index.php?rest_route=\/wp\/v2\/pages\/37","targetHints":{"allow":["GET"]}}],"collection":[{"href":"http:\/\/pitendesprekendeogen.nl\/index.php?rest_route=\/wp\/v2\/pages"}],"about":[{"href":"http:\/\/pitendesprekendeogen.nl\/index.php?rest_route=\/wp\/v2\/types\/page"}],"author":[{"embeddable":true,"href":"http:\/\/pitendesprekendeogen.nl\/index.php?rest_route=\/wp\/v2\/users\/1"}],"replies":[{"embeddable":true,"href":"http:\/\/pitendesprekendeogen.nl\/index.php?rest_route=%2Fwp%2Fv2%2Fcomments&post=37"}],"version-history":[{"count":16,"href":"http:\/\/pitendesprekendeogen.nl\/index.php?rest_route=\/wp\/v2\/pages\/37\/revisions"}],"predecessor-version":[{"id":271,"href":"http:\/\/pitendesprekendeogen.nl\/index.php?rest_route=\/wp\/v2\/pages\/37\/revisions\/271"}],"wp:attachment":[{"href":"http:\/\/pitendesprekendeogen.nl\/index.php?rest_route=%2Fwp%2Fv2%2Fmedia&parent=37"}],"curies":[{"name":"wp","href":"https:\/\/api.w.org\/{rel}","templated":true}]}}